{"id":639,"date":"2016-03-31T11:40:13","date_gmt":"2016-03-31T10:40:13","guid":{"rendered":"http:\/\/linkslesestaerke.de\/?page_id=639"},"modified":"2024-11-23T17:10:53","modified_gmt":"2024-11-23T16:10:53","slug":"lieblingsbuchhaendler","status":"publish","type":"page","link":"https:\/\/www.linkslesestaerke.de\/?page_id=639","title":{"rendered":"Lieblings-Buchmenschen"},"content":{"rendered":"<p><a href=\"http:\/\/linkslesestaerke.de\/wp-content\/uploads\/2016\/03\/B\u00fccherreihe-M\u00fchldorf.jpg\"><img loading=\"lazy\" decoding=\"async\" class=\"alignnone size-full wp-image-641\" src=\"http:\/\/linkslesestaerke.de\/wp-content\/uploads\/2016\/03\/B\u00fccherreihe-M\u00fchldorf.jpg\" alt=\"B\u00fccherreihe-M\u00fchldorf\" width=\"1280\" height=\"549\" srcset=\"https:\/\/www.linkslesestaerke.de\/wp-content\/uploads\/2016\/03\/B\u00fccherreihe-M\u00fchldorf.jpg 1280w, https:\/\/www.linkslesestaerke.de\/wp-content\/uploads\/2016\/03\/B\u00fccherreihe-M\u00fchldorf-300x129.jpg 300w, https:\/\/www.linkslesestaerke.de\/wp-content\/uploads\/2016\/03\/B\u00fccherreihe-M\u00fchldorf-600x257.jpg 600w\" sizes=\"auto, (max-width: 1280px) 100vw, 1280px\" \/><\/a><\/p>\n<p>Muss doch nicht immer Amazon sein, oder? Eben! Und weil ich in meinem neuen Leben als Autorin so viele tolle Buchh\u00e4ndler kennen gelernt habe, die viel mehr Ahnung haben als jeder dumme Beratungsroboter, mache ich es heute mal umgekehrt: Ich empfehle Euch die, deren Job das pers\u00f6nliche Empfehlen ist. Oft empfehlen sie n\u00e4mlich auch meine B\u00fccher. Aber ich mag sie vor allem deswegen, weil jeder etwas Besonderes ist. So wie jeder Buchgeschmack eben seine eigene besondere Empfehlung braucht.<\/p>\n<p><strong>Katharina Lemling<\/strong> von der <a href=\"http:\/\/www.lehmkuhl.net\/\">Buchhandlung Lehmkuhl<\/a> in M\u00fcnchen macht Schwabing zu einem Dorf. Sie scheint wirklich jeden zu kennen und selbst wenn man sich erst nach drei Jahren und nach nur einer fl\u00fcchtigen Begegnung wieder sieht, wird man mit Namen angesprochen.\u00a0 Das f\u00fchlt sich an wie Familie.<\/p>\n<p><strong>Miriam Wenzel<\/strong> und <strong>Melanie Hartmann<\/strong> von der <a href=\"http:\/\/www.buchhandlung-leselust.de\/index.htm\">Leselust <\/a>in Gilching. Weil der Name meiner Lieblingsnachbarsbuchhandlung einfach Programm ist. Au\u00dferdem ist Melanie Hartmann vom Fach: Sie arbeitet nebenbei auch als Sachbuch-Lektorin.<\/p>\n<p><strong>Stefanie P\u00f6rtner<\/strong> ist bei der <a href=\"https:\/\/buchhaus-zimmermann.de\/\">G. Zimmermanns Buchhandlung<\/a> in Kirchheim f\u00fcr das Kinder- und Jugendbuch zust\u00e4ndig. Das macht sie unglaublich sympathisch und gro\u00dfartig. Woher ich das wei\u00df? Keiner hat je mehr B\u00fccher verkauft auf meinen Schulbuchlesungen als Stefanie P\u00f6rtner.<\/p>\n<p><strong>Sandra N\u00e4f-Gloor <\/strong>w\u00e4re sofort die beste Freundin, wenn sie nicht weit weg in Basel ihren kleinen, exquisiten Kinderbuchladen<a href=\"http:\/\/www.buecher-proviant.ch\/\"> Proviant<\/a> f\u00fchren w\u00fcrde. Im Zweifel f\u00e4hrt sie ihre kostbaren Autoren durch 40 Zentimeter Neuschnee und ist vor allem auch in der Lehrerfortbildung aktiv.<\/p>\n<p><strong>Nicola Br\u00e4unling<\/strong> von der <a href=\"http:\/\/www.buchhandlung-braeunling.com\/\">Buchhandlung Br\u00e4unling<\/a> in Puchheim. Ist bei Schullesungen mindestens ebenso aufmerksam dabei wie die erste Reihe vor der Tafel.<\/p>\n<p><strong>Magda Hassan<\/strong> macht&#8217;s einem echt schwer, wenn man in Wien bei <a href=\"http:\/\/www.herder.at\/\">Herder<\/a> nach dem Ritt auf der Rutsche bis zu meinen B\u00fcchern im Eck durchdringen will. Denn sie hat so viele interessante Ablenkungen dazwischen gebaut und so viele tolle Kinderb\u00fccher aufgelegt, dass man immer wieder vorher kleben bleibt.<\/p>\n<p><strong>Heinz Kasulke<\/strong> von der Buchhandlung <a href=\"http:\/\/buecherherzog.shop-asp.de\/shop\/action\/?aUrl=90000190\">Herzog in M\u00fchldorf<\/a> in M\u00fchldorf sollte k\u00fcnftig alle meine Expos\u00e9s bei meinem Verlag vortragen. Sie w\u00fcrden allesamt sofort aus den H\u00e4nden gerissen, weil man dieser Buch- und Pr\u00e4sentationsleidenschaft einfach ohne Gegenwehr erliegt.<\/p>\n<p><strong>Martina Prietz<\/strong> kenne ich schon, als sie noch in Gauting bei der <a href=\"http:\/\/kirchheim-buecher.de\/\">Buchhandlung Kirchheim<\/a> (auch sehr zu empfehlen!) war, jetzt wirkt sie bei <a href=\"http:\/\/blattgold-literatur.shop-asp.de\/shop\/action\/?aUrl=90009292\">Blattgold Literatur Moosach<\/a> (M\u00fcnchen). Ihr gefallen genau die gleichen B\u00fccher wie mir. Wenn das kein Zufall ist.<\/p>\n<p><strong>Heike Schade<\/strong> unterh\u00e4lt im malerischen Forchheim gemeinsam mit ihrem Mann Manfred die Buchhadlung <a href=\"https:\/\/blaue-staeffala.buchkatalog.de\/\">&#8217;s blaue St\u00e4ffala<\/a> mit einer klug sortierten Kinderbuchabteilung. Sie kenn nahezu jeden und jede Schule im Landkreis und versorgt alle mit B\u00fcchernachschub &#8211; und bei Lesungen auch mit ausgedehnten B\u00fcchertischen.<\/p>\n<p><strong>Angela Rick, Isabel Tzschaschel-Laggner und Robert Reuter <\/strong>von der Osiander <a href=\"http:\/\/www.osiander.de\/buchhandlungen\/landsberg.cfm\">Buchhandlung in Landsberg<\/a>. Ihre Buchvorstellungsabende &#8222;Hits for kids&#8220; sind wirklich ein Hit und man bekommt jede Menge gute Lese-Tipps, auch mal von B\u00fcchern, die man noch nicht so kennt.<\/p>\n<p><strong>Sandra Marissal<\/strong> von der <a href=\"http:\/\/www.marissal.de\/\">Marissal Buchhandlung<\/a> am Hamburger Rathaus. Diesem Charme aus den 50er Jahren mit schiefen Regalen und der knarzenden Wendeltreppe kann man wirklich nicht widerstehen. Weil hier seit Generationen Leidenschaft f\u00fcrs Buch gelebt wird.<\/p>\n<p><img loading=\"lazy\" decoding=\"async\" class=\"size-medium wp-image-223 alignright\" src=\"http:\/\/theoretikerclub.de\/wp-content\/uploads\/2016\/08\/Leseratte-Rohrbach-300x208.jpg\" alt=\"\" width=\"300\" height=\"208\" \/><\/p>\n<p><strong>Ina Winkler<\/strong> und <strong>Rosemarie Hardenberg<\/strong> vom <a href=\"http:\/\/www.michaelsbund.de\/content\/buchhandlung\/2088\">M\u00fcnchner Lesetraum<\/a> hat nicht nur einen guten Lesegeschmack, den sowieso, sondern trifft auch mit der Musikauswahl ins Schwarze: Als ich neulich da war, lief Ludovico Enaudi. Und der hat nun mal die beste Musik daf\u00fcr geschrieben, wenn man <em>kr\u00e4h-ah-tief<\/em> schreiben will.<\/p>\n<p>Die <strong><a href=\"http:\/\/lesezeichengermering.shop-asp.de\/shop\/action\/mymagazine\/1001\/home.html?aUrl=90006352\">Buchhandlung LeseZeichen<\/a><\/strong> in Germering versteckt zu Ostern keine Eier, sondern B\u00fccher. Die Auswahl an Kinder- und Jugendb\u00fcchern ist echt staunenswert und die Empfehlungen decken sich ganz oft mit meinen.<\/p>\n<p><strong><img loading=\"lazy\" decoding=\"async\" class=\"wp-image-1012 alignleft\" src=\"https:\/\/www.linkslesestaerke.de\/wp-content\/uploads\/2016\/03\/lieblingsbuchh\u00e4ndler_Sams.jpg\" alt=\"\" width=\"282\" height=\"159\" srcset=\"https:\/\/www.linkslesestaerke.de\/wp-content\/uploads\/2016\/03\/lieblingsbuchh\u00e4ndler_Sams.jpg 1200w, https:\/\/www.linkslesestaerke.de\/wp-content\/uploads\/2016\/03\/lieblingsbuchh\u00e4ndler_Sams-300x169.jpg 300w, https:\/\/www.linkslesestaerke.de\/wp-content\/uploads\/2016\/03\/lieblingsbuchh\u00e4ndler_Sams-768x433.jpg 768w, https:\/\/www.linkslesestaerke.de\/wp-content\/uploads\/2016\/03\/lieblingsbuchh\u00e4ndler_Sams-600x339.jpg 600w\" sizes=\"auto, (max-width: 282px) 100vw, 282px\" \/>Birgit Sembach<\/strong> von <a href=\"http:\/\/www.neuecollibri.de\/\">Collibri<\/a> in Bamberg hat einen ganz besonderen Arbeitsplatz: Die Deko auf den Regalen wurde h\u00f6chstpers\u00f6nlich vom gro\u00dfartigen Paul Maar gestaltet. Das inspiriert zu richtig guten Buchempfehlungen!<\/p>\n<p>Bei <strong>Barbara Seyboth<\/strong> geht meine Liebe durch den Magen. Im Caf\u00e9 K\u00e4the der Buchhandlung Kindlers in Mosbach (Odenwald) wird ein Cappuccino aus der ortseigenen Kaffeer\u00f6sterei Hagen gebr\u00fcht. Lecker. Und an leckerer Lekt\u00fcre fehlt&#8217;s nat\u00fcrlich auch nicht.<\/p>\n<p><strong>Marion Luger<\/strong> mit ihrem Buch Dorado ist ja quasi eine Nachbarin von mir. Und ganz viele der B\u00fccher, die sie in den Regalen hat, stehen auch bei uns: &#8222;Schneeriese&#8220;, &#8222;Letztendlich sind wir dem Universum egal&#8220;. zum Beispiel. Will sagen, dem Buchgeschmack kann man blind vertrauen.<\/p>\n<p><strong>Gabriela Meier<\/strong> und <strong>Sophia F\u00fchrer<\/strong> von <a href=\"http:\/\/www.buch-naue.de\">Buch Naue<\/a> in Burghausen, die als Lokalpatrioten f\u00fcr die falsche Einrad-Mannschaft die Daumen dr\u00fccken (es ist nicht die meiner Tochter!), die aber sehr, sehr sympathisch ihre Buchhandlung f\u00fchren.<\/p>\n<p><strong>Marion Arnold<\/strong> vom toll sortierten <a href=\"https:\/\/kinderbuchladen.lesestoff.ch\">Kinderbuchladen<\/a> in Z\u00fcrich ist nicht nur ein echter Fan von dem &#8222;Theoretikerclub&#8220;, sondern sie betreibt auch den sehr lesenswerten Lesef\u00f6rderungs-Blog <a href=\"http:\/\/www.leseleiter.ch\/\">leseleiter.ch.<\/a><\/p>\n<p><strong>Frederick Graff<\/strong> von der Buchhandlung Graff in Braunschweig ist nicht nur Chef einer gro\u00dfen und vielseitigen Kinder- und Jugendbuchabteilung, sondern auch <em>der<\/em> Experte f\u00fcr signierte Young Adult-B\u00fccher und Instagram-Star! Wir bestellen regelm\u00e4\u00dfig.<\/p>\n<p><strong>Peter und Katrin Peterknecht<\/strong> von der <a href=\"https:\/\/www.peterknecht.de\/shop\/\">Buchhandlung Peterknecht<\/a> in Erfurt. Ihre Erfurter Kinderbuchtage sind eine Legende &#8211; vor allem, weil die Lesungen gern mal im Zoo, im Landeskriminalamt oder auf der Fuchsfarm stattfinden.<\/p>\n<p><strong>Peter Seiler<\/strong> von der <a href=\"http:\/\/www.buchhandlung-schatzinsel.de\/\">Schatzinsel M\u00fcnster<\/a> hat ganz sch\u00f6n oft den Buchhandlungspreis verliehen bekommen und ist besonders auf sch\u00f6ne Kinderb\u00fccher spezialisiert.<\/p>\n<p><strong>Stefanie Endres<\/strong> von <a href=\"https:\/\/www.buchundkunst-auerbach.de\/\">Buch und Kunst in Auerbach<\/a> veranstaltet eines meiner liebsten und liebevollsten Lese-Festivals, den Literaturwagen im Vogtland, mit. Das spricht f\u00fcr sich.<\/p>\n<p><strong><img loading=\"lazy\" decoding=\"async\" class=\"wp-image-1189 alignright\" src=\"https:\/\/www.linkslesestaerke.de\/wp-content\/uploads\/2018\/10\/Lesestube-Bonn.jpg\" alt=\"\" width=\"217\" height=\"122\" srcset=\"https:\/\/www.linkslesestaerke.de\/wp-content\/uploads\/2018\/10\/Lesestube-Bonn.jpg 1200w, https:\/\/www.linkslesestaerke.de\/wp-content\/uploads\/2018\/10\/Lesestube-Bonn-300x169.jpg 300w, https:\/\/www.linkslesestaerke.de\/wp-content\/uploads\/2018\/10\/Lesestube-Bonn-768x433.jpg 768w\" sizes=\"auto, (max-width: 217px) 100vw, 217px\" \/>Gisela Schruff-Tyrichter<\/strong> leitet &#8222;Der kleine Laden&#8220; in Bonn. Das Tolle daran: Ein Verein tr\u00e4gt den Laden, der 1950 von den Jugendverb\u00e4nden gegr\u00fcndet wurde, um den Kindern gute B\u00fccher nahebringen zu k\u00f6nnen. Und was er heute noch mit sehr viel Feingef\u00fchl tut.<\/p>\n<p><strong>Anette Schobloch<\/strong> von der <a href=\"http:\/\/www.linzgau-buchhandlung.de\">Buchhandlung Linzgau<\/a> in Pfullendorf teilt mit mir die hei\u00dfe Verehrung f\u00fcr komische kommunistische K\u00e4ngurus und andere lustige Literatur.<\/p>\n<p>Und <strong>Melanie Stephan<\/strong> von der Buchhandlung <a href=\"https:\/\/ravensbuch.de\/\">Ravensbuch <\/a>habe ich pers\u00f6nlich noch gar nicht kennengelernt. Aber ich bin ein Riesen-Fan von ihrer unkonventionellen und sehr klugen Auswahl jenseits jeder Mainstream-Gewohnheiten und Spitzentitel-Hypes.<\/p>\n<p><strong>Ellen Wei\u00df<\/strong> vom <a href=\"https:\/\/haidhauserbuchladen.de\/jugendbuchtipps\/\">Haidhauser Buchladen<\/a> engagiert sich in meinem ehemaligen M\u00fcnchner Wohnviertel besonders bei Kinderg\u00e4rten und ist mit einer schlauen Liste von Jugendbuch-Neuerscheinungen immer sofort zur Hand.<\/p>\n<p><strong>Tobias Janus<\/strong> von der <a href=\"https:\/\/buchhandlung-grimpe.buchkatalog.de\/\">Buchhandlung Grimpe<\/a> in Northeim veranstaltet Krimi-Wettbewerbe, aus denen er dann richtige B\u00fccher macht und macht zahlreiche Projekte mit dem Theater Northeim. Das zeigt Wirkung: Sein Stammpublikum w\u00e4chst und w\u00e4chst.<\/p>\n<p><strong>Inge Thiemann<\/strong> vom <a href=\"https:\/\/voss.buchhandlung.de\/shop\/\">Buchhaus Voss<\/a> in Westerland auf Sylt hat wahrscheinlich die den Arbeitsplatz, um den sie halb Deutschland beneidet: Der Strand in Laufweite und jede Menge urlaubsentspannte, viellesende Kunden hat sie auch. Und in mir einen treuen Fan.<\/p>\n<p><strong>Friederike Wagner<\/strong>\u00a0 und Katrin R\u00fcger <a href=\"https:\/\/buchpalastmuenchen.de\/\">vom Buchpalast in M\u00fcnchen<\/a> w\u00e4hlen mit Freude ihre Palastsch\u00e4tze aus und haben einen eigenen Leseclub\u00a0 B\u00fccherfresser: Mit ihrer Begeisterung stecken sie nicht nur die Kinder, sondern auch alle Kunden an.<\/p>\n<p><strong>Carmen Willems<\/strong> wacht mit freundlichem Auge und gutem Rat \u00fcber die Kinderbuchabteilung im Traditionshaus <a href=\"https:\/\/www.thalia.de\/shop\/home\/filialen\/showDetails\/5115\/?utm_source=google&amp;utm_medium=gmb&amp;utm_campaign=website&amp;utm_content=stuttgart\">Wittwer\u00a0 (Thalia)<\/a> in Stuttgart. Traditionsgem\u00e4\u00df ist diese Abteilung immer richtig gut und breit sortiert.<\/p>\n<p><strong>Britta Schenk<\/strong> aus der <a href=\"http:\/\/www.buch-insel.de\/\">Buch-Insel<\/a> in Lindau mag Kinderb\u00fccher, interessante Gespr\u00e4che und Lekt\u00fcre, die nicht jeder Buchladen im Regal hat. Aber ich habe dort viele meiner Lieblingsb\u00fccher gesehen.<\/p>\n<p><strong>Hannah Sauter<\/strong> von der <a href=\"http:\/\/www.obertor.de\">Buchhandlung am Obertor<\/a> in Radolfzell pr\u00fcft die Empfehlungen der Buchvertreter auf Herz und Nieren &#8211; gemeinsam mit ihrer kleinen Tochter. Das kann nur gut werden.<\/p>\n<p>Das ist \u00fcbrigens nur der Anfang &#8211; ich hoffe, hier werden noch jede Menge neue Namen hinzukommen &#8230; Und wer noch nach einem richtig guten Buchgesch\u00e4ft in seiner N\u00e4he sucht, hier findet man genau das richtige: <a href=\"http:\/\/www.buchhandel.de\">www.buchhandel.de<\/a><\/p>\n<p>Und ganz zum Schluss noch ein Lieblings &#8230; . Aber kein &#8230;buchh\u00e4ndler, sondern Lieblings&#8230;bibliothekarinnen. Da gibt&#8217;s n\u00e4mlich auch ein paar, die ich ganz besonders in Herz geschlossen habe.<\/p>\n<p>Allen voran <strong>Cornelia Rhomberg<\/strong>, bei der ich in We\u00dfling immer selbst ganz viele B\u00fccher entleihe und ihr im Gegenzug nat\u00fcrlich auch meine aktuellsten Werke bringe.<\/p>\n<p><strong><img loading=\"lazy\" decoding=\"async\" class=\"wp-image-1167 alignleft\" src=\"https:\/\/www.linkslesestaerke.de\/wp-content\/uploads\/2018\/05\/Gemeindeb\u00fccherei_Forstinning.jpg\" alt=\"\" width=\"183\" height=\"102\" srcset=\"https:\/\/www.linkslesestaerke.de\/wp-content\/uploads\/2018\/05\/Gemeindeb\u00fccherei_Forstinning.jpg 580w, https:\/\/www.linkslesestaerke.de\/wp-content\/uploads\/2018\/05\/Gemeindeb\u00fccherei_Forstinning-300x168.jpg 300w\" sizes=\"auto, (max-width: 183px) 100vw, 183px\" \/>Rubina Knopf<\/strong> hat die Gemeindeb\u00fccherei Forstinning quasi mit aus der Taufe gehoben, weswegen sie in dem Ort auch jeder kennt. Schade, dass ich dort nicht mehr wohne, denn ihrem Buch-Geschmack w\u00fcrde ich blind vertrauen.<\/p>\n<p><strong>Angelika Graf-Cuiper<\/strong> von der reizenden B\u00fccherei in Planegg, die in einem tollen und wunderbar gestalteten Neubau residiert, gar nicht so weit weg von meinem Heimatort. Da kann man echt neidisch werden.<\/p>\n<p><strong>Ingrid M\u00fcller-He\u00df<\/strong> von der Stadtb\u00fccherei Erding hat das tollste Lese-Forum, das ich bisher in einer \u00f6ffentlichen Bibliothek gesehen habe. Und damit sind nat\u00fcrlich auc<a href=\"https:\/\/www.linkslesestaerke.de\/wp-content\/uploads\/2015\/11\/Amfit-Thea-Teer.jpg\"><img loading=\"lazy\" decoding=\"async\" class=\"wp-image-441 alignright\" src=\"https:\/\/www.linkslesestaerke.de\/wp-content\/uploads\/2015\/11\/Amfit-Thea-Teer.jpg\" alt=\"Amfit-Thea-Teer\" width=\"227\" height=\"137\" srcset=\"https:\/\/www.linkslesestaerke.de\/wp-content\/uploads\/2015\/11\/Amfit-Thea-Teer.jpg 538w, https:\/\/www.linkslesestaerke.de\/wp-content\/uploads\/2015\/11\/Amfit-Thea-Teer-300x181.jpg 300w\" sizes=\"auto, (max-width: 227px) 100vw, 227px\" \/><\/a>h die Erdinger Sch\u00fcler wirklich immer ein gro\u00dfartiges Publikum.<\/p>\n<p><strong>Christiane Wei\u00df<\/strong> und <strong>Anja Hartmann<\/strong> von der Stadtb\u00fccherei<br \/>Bamberg leben B\u00fccher, lieben Vorlesewettbewerbe und haben einen wundersch\u00f6nen alten Lesesaal, in dem man sich sofort wohl f\u00fchlt.<\/p>\n<p><strong>Anja Schamberger<\/strong> aus der B\u00fccherei Auerbach im Vogtland, organisiert mit <strong>Katrin Sitte, Katja Peterfi<\/strong> und<strong> Babett Fugmann<\/strong> ein sehr charmantes Lesefestival durch das gesamte Vogtland: &#8222;LiteraturWAGEN&#8220;.<\/p>\n<p><strong>Claudia Schmidt-Kamchen <\/strong>lebt in Straubing f\u00fcr die Kinderliteratur. Wenn Autorenleute zu Besuch sind, f\u00e4hrt sie sie pers\u00f6nlich zu den Lesungen und lauscht bei jeder Silbe. Das macht die Reise sehr pers\u00f6nlich &#8211; und sch\u00f6n!<\/p>\n<p><strong>Georg Andr\u00e9<\/strong> und <strong>Eva Keller<\/strong> von der Bibliothek Saarlouis. Die residiert im eindrucksvollen Theater am Ring. Auf der Leseb\u00fchne aus den 60er Jahren haben schon viele ganz gro\u00dfe Kinderbuchautoren gelesen.<\/p>\n<p><strong>Martha Maucher<\/strong> von der B\u00fccherei in Markt H\u00f6chberg, die die sch\u00f6nsten und leuchtendsten Lesest\u00fchle f\u00fcr Kinder hat. Au\u00dferdem hat sie mich wirklich \u00fcberzeugt, dass Bonbons in Lesungen eigentlich total un<strong><img loading=\"lazy\" decoding=\"async\" class=\" wp-image-416 alignleft\" src=\"http:\/\/anja-janotta.de\/wp-content\/uploads\/2018\/05\/Lesungs-St\u00fchle-H\u00f6chberg-225x300.jpg\" alt=\"\" width=\"149\" height=\"199\" \/><\/strong>gesund sind.<\/p>\n<p><strong>Karin Gruber<\/strong> ist eine echte Schlossherrin. Das alte Wasserschloss in Rottendorf beherbergt n\u00e4mlich die B\u00fccherei der Gemeinde. Und die Lesungen finden im sch\u00f6nen Trausaal statt. Ja, ich will (&#8230;wiederkommen).<\/p>\n<p><strong>Carolin Bayer<\/strong> aus der Stadtb\u00fccherei Gunzenhausen f\u00fcllt insbesondere den Leseclub in den bayerischen Sommerferien mit ganz viel Lebendigkeit und Herzlichkeit. Und kennt jedes junge Mitglied h\u00f6chstpers\u00f6nlich. Inklusive Lese-Pr\u00e4ferenz, versteht sich.<\/p>\n<p>Meine Lieblingsbibliothekarinnen am Bodensee sind die beiden Planungs-Genies der Kinder- und Jugendbuchtagen Singen <strong>Christinae Th\u00fcrmer<\/strong> und <strong>Petra Petersen<\/strong>, ihre Kolleginnen <strong>Doris Br\u00fctsch<\/strong>, festangestellte Schulbibliothekarin beim Friedrich-W\u00f6hler-Gymnasium und <strong>Lieselotte Banhardt<\/strong>, ihresgleichen am Hegau-Gymnasium. Beide haben eine wirklich beeindruckende Mediensammlung unter sich. In der Nachbargemeinde in Stockach k\u00fcmmert sich<strong> Cornelia Feuerei\u00dfen<\/strong> mit Leidenschaft um die Schulb\u00fccherei, in der Gemeindeb\u00fccherei k\u00fcmmert sich <strong>Sabine Luther-K\u00f6gl\u00a0 <\/strong>auch mal um Touristenanfragen. Und das ebenso engagiert und liebensw\u00fcrdig wie <strong>Gisela Zenker<\/strong> von der B\u00fccherei Konstanz.<\/p>\n<p><strong><img loading=\"lazy\" decoding=\"async\" class=\" wp-image-1263 alignright\" src=\"https:\/\/www.linkslesestaerke.de\/wp-content\/uploads\/2019\/01\/w\u00f6rthsee.jpg\" alt=\"\" width=\"222\" height=\"222\" srcset=\"https:\/\/www.linkslesestaerke.de\/wp-content\/uploads\/2019\/01\/w\u00f6rthsee.jpg 1280w, https:\/\/www.linkslesestaerke.de\/wp-content\/uploads\/2019\/01\/w\u00f6rthsee-150x150.jpg 150w, https:\/\/www.linkslesestaerke.de\/wp-content\/uploads\/2019\/01\/w\u00f6rthsee-300x300.jpg 300w, https:\/\/www.linkslesestaerke.de\/wp-content\/uploads\/2019\/01\/w\u00f6rthsee-768x768.jpg 768w\" sizes=\"auto, (max-width: 222px) 100vw, 222px\" \/>Juliane Seeliger<\/strong> von der B\u00fccherei in Steinebach hat den sch\u00f6nsten Arbeitsplatz der Welt, weil sie auf meinen erkl\u00e4rten Lieblingssee schauen darf: den W\u00f6rthsee. Lesungen finden im Sitzungssaal des Rathauses statt und da gibt es wirklich ein grandioses Panorama.<\/p>\n<p><strong>Heike-L\u00f6ffler-Schrimpf<\/strong> f\u00fchrt ehrenamtlich die B\u00fccherei in Braunschweig-Querum und nimmt&#8217;s ganz gelassen, wenn eine Horde Grundsch\u00fcler von nebenan auch mal mit sterbensdreckigen Stra\u00dfenschuhen einfallen. Ausgeglichene Leser sind doch die besten.<\/p>\n<p><strong>Catrin Rossel<\/strong> von der B\u00fccherei in Uslar freut sich \u00fcber edie Unterst\u00fctzung eines aktiven Kultur-Vereins. Deshalb gibt es dort auch au\u00dfergew\u00f6hnlich viele Lesungen &#8211; insbesondere auch f\u00fcr Kinder.<\/p>\n<p><strong><img loading=\"lazy\" decoding=\"async\" class=\" wp-image-637 alignleft\" src=\"http:\/\/anja-janotta.de\/wp-content\/uploads\/2019\/04\/Osterhofen-300x225.jpg\" alt=\"\" width=\"197\" height=\"148\" \/>Angie Pfligl<\/strong> aus Osterhofen hat sozusagen kirchlichen Beistand, denn die Kirche spiegelt sich in der Glasfassade der niederbayerischen B\u00fccherei. Liebe Kollegen, es gibt keine bessere Betreuung und einen charmanteren Empfang als dort. Pst, aber ich hab&#8217;s nicht verraten&#8230;<\/p>\n<p><strong>Sabine K\u00f6perl<\/strong> aus Langenau f\u00e4hrt auch pers\u00f6nlich ihre AutorInnen zur Schule, wenn&#8217;s sein muss. Un<img loading=\"lazy\" decoding=\"async\" class=\" wp-image-754 alignright\" src=\"http:\/\/anja-janotta.de\/wp-content\/uploads\/2020\/11\/Co-Rona-300x146.jpg\" alt=\"\" width=\"210\" height=\"102\" \/>d wenn&#8217;s eilig zum Zug gehen muss, dann auch gerne flott. Den Zug habe ich ganz bequem erwischt. Danke nochmal!<\/p>\n<p><strong>Anja Schneer<\/strong> aus L\u00fcbeck mit ihren Kolleginnen <strong>Erika Meyer<\/strong> und <strong>Ruth Engbers<\/strong>, die in K.O-Rona-Zeiten auch vor digitalen Herausforderungen nicht zur\u00fcckschrecken und eine tolle Online-Lesung einrichten und moderieren. Da geht sogar Corona in die Knie. (Die geniale Zeichnung dazu ist \u00fcbrigens von\u00a0 Anja Schnerr)<\/p>\n<p><strong>Susanne Kiesel<\/strong> von der B\u00fccherei Kornwestheim bindet jede Mitarbeiterin und jeden Mitarbeiter herzlich in die Lesungen ein. Mit eben dieser besonderen Wertsch\u00e4tzung werden auch die Autoren bedacht.<\/p>\n<p><strong><img loading=\"lazy\" decoding=\"async\" class=\"wp-image-1770 alignleft\" src=\"https:\/\/www.linkslesestaerke.de\/wp-content\/uploads\/2021\/10\/\u00d6hringen-Lesesaal.jpg\" alt=\"\" width=\"227\" height=\"170\" \/>Martin Wolfsdorf<\/strong> von der Stadtb\u00fccherei \u00d6hringen hat einen der sch\u00f6nsten Leseorte, an denen ich bisher lesen durfte: Der alte Ratssaal in \u00d6hringen. Mit Butzenscheiben, geschnitzte Holzfiguren an der Decke und eine ehrfurchtgebietende T\u00fcr &#8211; hier d\u00fcrfen nur flei\u00dfige LeserInnen rein!<\/p>\n<p><strong>Inge Str\u00fcwing<\/strong> und <strong>Catalina Garcia<\/strong> von der Stadtteilb\u00fccherei Karlsruhe Durlach k\u00f6nnen die Kleinen stilecht in einer Ritterburg lesen. Oder sich bei Frau Garcia Tipps f\u00fcr coole Blade-Stunts holen.<\/p>\n<p><strong>Ulrike Auer<\/strong> von der Jugendbibliothek Karlsruhe hat nicht nur ein immens gro\u00dfes Ausleihe-Portfolio (25.000 Medien), sondern einen sehr feinen Arbeitsplatz mitten im Prinz-Max-Palais in Karlsruhe. Und ganz manchmal bekommt sie auch kollegialen Besuch von der Fachstelle Karlsruhe und <strong>Corinna He\u00df<\/strong>.<\/p>\n<p><strong><img loading=\"lazy\" decoding=\"async\" class=\"wp-image-1768 alignleft\" src=\"https:\/\/www.linkslesestaerke.de\/wp-content\/uploads\/2021\/10\/BibliothekderDinge.jpg\" alt=\"\" width=\"207\" height=\"187\" \/>Jan Gehrer, Clara Unfried, Tina K\u00fchnle-H\u00e4cker<\/strong> aus Heimsheim haben ihre Stadtbibliothek zu einem echten Treffpunkt gemacht &#8211; mit einer Spielsammlung, die sich bis ans Dach stapelt und einer Bibliothek der Dinge, in der man Einrad, Popcornmaschine oder Bohrhammer bequem entleihen kann.<\/p>\n<p><strong><img loading=\"lazy\" decoding=\"async\" class=\"wp-image-1962 alignright\" src=\"https:\/\/www.linkslesestaerke.de\/wp-content\/uploads\/2022\/10\/Blaubeuren.jpg\" alt=\"\" width=\"193\" height=\"149\" \/><\/strong><strong>Beatrice Hoguet-Berger<\/strong> ist eigentlich Franz\u00f6sisch-Lehrerin. Welch ein Gl\u00fcck, dass sie mit so viel Herzlichkeit dann doch die B\u00fccherei in Blaubeuren \u00fcbernommen hat. Ich w\u00fcrde ja auch am liebsten in ihrem B\u00fcro mit dem verschn\u00f6rkelten Erker arbeiten. In dem ehrw\u00fcrdigen Geb\u00e4ude aus dem 15. Jahrhundert gibt es sogar einen Trausaal.<\/p>\n<p><strong>Daniela Nikolaizig<\/strong> hat mit ihrer Lesebegeisterung die ganze Gemeinde Murr angesteckt. Nicht nur die Lehrer:innen aus der Grundschule lesen begeistert und ausdauernd vor, bei den Lese-Rallyes in der Stadt l\u00e4sst sich sogar der B\u00fcrgermeister nicht zweimal bitten und tr\u00e4gt selber vor.<\/p>\n<p>\u00a0<\/p>\n<p><strong>\u00a0<\/strong><\/p>\n<p><strong>\u00a0<\/strong><\/p>\n<p><strong>\u00a0<\/strong><\/p>\n<p><strong>\u00a0<\/strong><\/p>\n<p><strong>\u00a0<\/strong><\/p>\n<p><strong>\u00a0<\/strong><\/p>\n\n\n<p><\/p>\n","protected":false},"excerpt":{"rendered":"<p>Muss doch nicht immer Amazon sein, oder? Eben! Und weil ich in meinem neuen Leben als Autorin so viele tolle Buchh\u00e4ndler kennen gelernt habe, die viel mehr Ahnung haben als <a class=\"more-link\" href=\"https:\/\/www.linkslesestaerke.de\/?page_id=639\">Continue Reading &rarr;<\/a><\/p>\n","protected":false},"author":3,"featured_media":0,"parent":0,"menu_order":0,"comment_status":"closed","ping_status":"open","template":"","meta":{"footnotes":""},"class_list":["post-639","page","type-page","status-publish","hentry"],"jetpack_shortlink":"https:\/\/wp.me\/P5diEV-aj","jetpack_sharing_enabled":true,"_links":{"self":[{"href":"https:\/\/www.linkslesestaerke.de\/index.php?rest_route=\/wp\/v2\/pages\/639","targetHints":{"allow":["GET"]}}],"collection":[{"href":"https:\/\/www.linkslesestaerke.de\/index.php?rest_route=\/wp\/v2\/pages"}],"about":[{"href":"https:\/\/www.linkslesestaerke.de\/index.php?rest_route=\/wp\/v2\/types\/page"}],"author":[{"embeddable":true,"href":"https:\/\/www.linkslesestaerke.de\/index.php?rest_route=\/wp\/v2\/users\/3"}],"replies":[{"embeddable":true,"href":"https:\/\/www.linkslesestaerke.de\/index.php?rest_route=%2Fwp%2Fv2%2Fcomments&post=639"}],"version-history":[{"count":73,"href":"https:\/\/www.linkslesestaerke.de\/index.php?rest_route=\/wp\/v2\/pages\/639\/revisions"}],"predecessor-version":[{"id":2345,"href":"https:\/\/www.linkslesestaerke.de\/index.php?rest_route=\/wp\/v2\/pages\/639\/revisions\/2345"}],"wp:attachment":[{"href":"https:\/\/www.linkslesestaerke.de\/index.php?rest_route=%2Fwp%2Fv2%2Fmedia&parent=639"}],"curies":[{"name":"wp","href":"https:\/\/api.w.org\/{rel}","templated":true}]}}