{"id":30,"date":"2015-01-02T21:19:15","date_gmt":"2015-01-02T20:19:15","guid":{"rendered":"http:\/\/linkslesestaerke.de\/?page_id=30"},"modified":"2019-10-17T20:33:32","modified_gmt":"2019-10-17T19:33:32","slug":"linkslesestaerke-das-buch","status":"publish","type":"page","link":"https:\/\/www.linkslesestaerke.de\/?page_id=30","title":{"rendered":"Die Linkslese-B\u00fccher"},"content":{"rendered":"<blockquote><p><strong>Linkslesest\u00e4rke: Oder die Sache mit den Borten und Wuchstaben<\/strong><\/p><\/blockquote>\n<p>Rechtschreibschw\u00e4che ist out \u2013 Wort-<em>Aggro-Batik<\/em> ist in!<\/p>\n<p>Wer so virtuos W\u00f6rter verdreht wie Mira Kurz, der hat ganz klar: Linkslesest\u00e4rke! Nur Namen kann sie sich nicht merken. Gar nicht. Bei Mira hei\u00dfen andere Kinder \u00bbdie Fiese\u00ab, &#8222;die Sch\u00fcchterne&#8220; oder &#8222;l\u00e4ngster Freund&#8220;. Peinlich. Als nebenan ein M\u00e4dchen mit himmelblauen Augen einzieht, hofft Mira, dass sie beste Freundinnen werden. Doch dann l\u00e4uft alles schief. Mira versagt kl\u00e4glich beim doofen Namen-Merkspiel in der Schule, &#8222;die Fiese&#8220; schnappt ihr die zuk\u00fcnftige beste Freundin vor der Nase weg und nimmt Mira danach \u00fcbel in die Zange. Sch\u00e4rfste Gegenwehr ist angesagt! In letzter Sekunde zeigt sich, dass mehr Kinder zu Mira halten, als sie dachte. Und dass Namen merken gar nicht so schwer ist.<\/p>\n<p><em><strong>&#8222;Linkslesest\u00e4rke&#8220;, M\u00e4rz 2015 bei cbt und 2019 bei Bassermann, ISBN: 978-3809441236<br \/>\n<\/strong><\/em><\/p>\n<p>Zu bestellen bei:<\/p>\n<p><a href=\"https:\/\/shop.autorenwelt.de\/products\/linkslesestarke-oder-die-sache-mit-den-borten-und-wuchstaben-von-anja-janotta?variant=28915596918877\">Autorenwelt<\/a><\/p>\n<p>Und hier geht&#8217;s zur <a href=\"http:\/\/www.randomhouse.de\/content\/download\/vertrieb\/vorschauen\/cbt_fj2015.pdf\">Vorschau von cbt.<\/a><\/p>\n<p>___________________________________________________________________<\/p>\n<blockquote><p><strong>Linkslesemut oder: Die Sache mit dem Versiebtlein<\/strong><\/p><\/blockquote>\n<p>Wo dr\u00fcckt der Schu &#8211; fragt Frau Ku!<\/p>\n<p>Mira wundert sich: W\u00e4hrend ihre Freunde alle liebesverwirrt sind, bewahrt sie mit indischem Weisheitspunkt auf der Stirn einen k\u00fchlen Kopf. Unter dem Namen Dr. Ku, der Kummerkastentante bei der Sch\u00fclerzeitung, erteilt sie in komm-bl\u00e4h-zierten Verliebungsf\u00e4llen sogar weisen Rat. Trotzdem, die Liebe ist nichts f\u00fcr sie. Als jedoch die strenge Reck-Tor-in Miras Sch\u00fclerzeitungs-Artikel zum Thema Regeln verbieten will, setzt sich einer ganz besonders mutig f\u00fcr Mira ein: M&#8230;aurice, der Maulaufrei\u00dfer &#8230;<br \/>\n<em><br \/>\n<strong>Linkslesemut oder: Die Sache mit dem Versiebtlein, erscheint am 29. Februar bei cbt, ISBN: 3570163407<\/strong><\/em><\/p>\n<p>Zu bestellen bei:<br \/>\n<a href=\"https:\/\/shop.autorenwelt.de\/products\/linkslesemut-oder-die-sache-mit-dem-versiebtlein-von-anja-janotta?variant=51800662598\">Autorenwelt<\/a><\/p>\n","protected":false},"excerpt":{"rendered":"<p>Linkslesest\u00e4rke: Oder die Sache mit den Borten und Wuchstaben Rechtschreibschw\u00e4che ist out \u2013 Wort-Aggro-Batik ist in! Wer so virtuos W\u00f6rter verdreht wie Mira Kurz, der hat ganz klar: Linkslesest\u00e4rke! Nur <a class=\"more-link\" href=\"https:\/\/www.linkslesestaerke.de\/?page_id=30\">Continue Reading &rarr;<\/a><\/p>\n","protected":false},"author":2,"featured_media":470,"parent":0,"menu_order":0,"comment_status":"open","ping_status":"open","template":"","meta":{"footnotes":""},"class_list":["post-30","page","type-page","status-publish","has-post-thumbnail","hentry"],"jetpack_shortlink":"https:\/\/wp.me\/P5diEV-u","jetpack_sharing_enabled":true,"_links":{"self":[{"href":"https:\/\/www.linkslesestaerke.de\/index.php?rest_route=\/wp\/v2\/pages\/30","targetHints":{"allow":["GET"]}}],"collection":[{"href":"https:\/\/www.linkslesestaerke.de\/index.php?rest_route=\/wp\/v2\/pages"}],"about":[{"href":"https:\/\/www.linkslesestaerke.de\/index.php?rest_route=\/wp\/v2\/types\/page"}],"author":[{"embeddable":true,"href":"https:\/\/www.linkslesestaerke.de\/index.php?rest_route=\/wp\/v2\/users\/2"}],"replies":[{"embeddable":true,"href":"https:\/\/www.linkslesestaerke.de\/index.php?rest_route=%2Fwp%2Fv2%2Fcomments&post=30"}],"version-history":[{"count":10,"href":"https:\/\/www.linkslesestaerke.de\/index.php?rest_route=\/wp\/v2\/pages\/30\/revisions"}],"predecessor-version":[{"id":1492,"href":"https:\/\/www.linkslesestaerke.de\/index.php?rest_route=\/wp\/v2\/pages\/30\/revisions\/1492"}],"wp:featuredmedia":[{"embeddable":true,"href":"https:\/\/www.linkslesestaerke.de\/index.php?rest_route=\/wp\/v2\/media\/470"}],"wp:attachment":[{"href":"https:\/\/www.linkslesestaerke.de\/index.php?rest_route=%2Fwp%2Fv2%2Fmedia&parent=30"}],"curies":[{"name":"wp","href":"https:\/\/api.w.org\/{rel}","templated":true}]}}