{"id":223,"date":"2015-04-25T09:04:24","date_gmt":"2015-04-25T08:04:24","guid":{"rendered":"http:\/\/linkslesestaerke.de\/?page_id=223"},"modified":"2019-07-23T17:25:21","modified_gmt":"2019-07-23T16:25:21","slug":"in-der-kritik","status":"publish","type":"page","link":"https:\/\/www.linkslesestaerke.de\/?page_id=223","title":{"rendered":"In der Kritik"},"content":{"rendered":"<p>Was die Zeitungen und Zeitschriften und die Kritiker so \u00fcber die &#8222;Linkslesest\u00e4rke&#8220; sagen. Und \u00fcber &#8222;Linkslesemut&#8220;.<\/p>\n<p><em><br \/>\n<strong>Preise:<\/strong> <\/em><\/p>\n<p><strong>LesePeter<\/strong> der Arbeitsgemeinschaft Jugendliteratur und Medien (AJuM) der Gewerkschaft Erziehung und Wissenschaft (GEW), Januar 2016.<br \/>\nZitat: <em>&#8222;Das Buch ber\u00fchrt, erstaunt, \u00fcberrascht, schockiert, erweckt Mitleid, aber auch Freude. (&#8230;) Ich w\u00fcrde mir w\u00fcnschen, dass dieses Buch daher zur Schullekt\u00fcre wird.&#8220;<\/em><br \/>\nZur ausf\u00fchrlichen <a href=\"http:\/\/www.ajum.de\/html\/Lesepeter\/201601.html\">&#8222;LesePeter&#8220;-Kritik<\/a><\/p>\n<p><em><strong>Weitere Kritiken:<\/strong><\/em><\/p>\n<p><strong>LINKSLESEST\u00c4RKE<\/strong><\/p>\n<p><em>&#8222;Gausute Idee! Miras wundersame W\u00f6rter zu entziffern macht Spa\u00df. Und auch ein wenig nachdenklich.&#8220;<\/em><br \/>\nGeolino, M\u00e4rz 2015<br \/>\n<a href=\"http:\/\/linkslesestaerke.de\/wp-content\/uploads\/2015\/04\/Geolino_schmal.jpg\"><img loading=\"lazy\" decoding=\"async\" class=\"alignnone size-full wp-image-231\" src=\"http:\/\/linkslesestaerke.de\/wp-content\/uploads\/2015\/04\/Geolino_schmal.jpg\" alt=\"Geolino_schmal\" width=\"1136\" height=\"242\" srcset=\"https:\/\/www.linkslesestaerke.de\/wp-content\/uploads\/2015\/04\/Geolino_schmal.jpg 1136w, https:\/\/www.linkslesestaerke.de\/wp-content\/uploads\/2015\/04\/Geolino_schmal-300x64.jpg 300w, https:\/\/www.linkslesestaerke.de\/wp-content\/uploads\/2015\/04\/Geolino_schmal-600x128.jpg 600w\" sizes=\"auto, (max-width: 1136px) 100vw, 1136px\" \/><\/a><\/p>\n<p>&#8222;Wer den Duden schon auswendig kennt und dringend mal ein paar neue Worte braucht, oder wer einfach mit Mira mitlachen und mitleiden will, dem lege ich jedes einzelne liebevoll verdrehte Wort in &#8218;Linkslesest\u00e4rke&#8216; an sein H\u00fccherberz&#8220;.<br \/>\n<a href=\"http:\/\/www.kika.de\/timster\/zusatzvideos\/buch\/videos\/video27652.html\">Sendung &#8222;Timster&#8220; im Kika, 5.3. <\/a><\/p>\n<p><em>&#8222;Eine gute Idee! Stefanie Jeschke liefert lustige, kleine Wort-Bild-Spiele zu den Kapitel\u00fcberschriften und setzt die Momente in der Schule pr\u00e4gnant in Szene.&#8220;<\/em><br \/>\n<a href=\"http:\/\/www.buecher-magazin.de\/rezensionen\/buecher\/jugend-und-kinder\/linkslesestaerke-oder-die-sache-mit-den-borten-und-wuchstaben\">B\u00dcCHER Magazin<\/a> (01.03.2015)<\/p>\n<p><em>&#8222;Herzbewegend schreibt Anja Janotta in ihrem ersten Buch \u00fcber die Themen Mobbing und Rechtschreibschw\u00e4che. Mal nachdenklich, mal locker leicht lebt man mit Mira mit. Das Buch ist absolut empfehlenswert \u2013 zum Selberlesen und zum Vorlesen!&#8220;<\/em> <a href=\"http:\/\/www.legasthenieverband.org\/buchtipp-mit-verlosung-linkslesestaerke\/\">Dachverband Legasthenie Deutschland e.V.<\/a> (Juni 2015)<\/p>\n<p>Die &#8222;Linkslesest\u00e4rke&#8220; ist auf der Empfehlungsliste des BLLV 2016 f\u00fcr die 90 besten B\u00fccher zur Erg\u00e4nzung der Klassenbibliotheken:<br \/>\n<a href=\"https:\/\/www.bllv.de\/fileadmin\/Dateien\/Land-PDF\/Initiativen\/Lesefoerderung\/Vorschlagsliste_Schu_Bib_GS_2016.pdf\">BLLV<\/a><\/p>\n<p><em>&#8222;Erfrischend, witzig und ohne Betroffenheitsget\u00f6se erz\u00e4hlt Anja Janetta in &#8222;Linkslesest\u00e4rke&#8220; eine ber\u00fchrende Geschichte \u00fcber Lernschw\u00e4che und Mobbing&#8220;<\/em>. <a href=\"http:\/\/www.rp-online.de\/kultur\/so-verdreht-man-buchstaben-und-angelt-sich-beim-baden-eine-katze-aid-1.5152498\">Rheinische Post<\/a> (10.6.2015)<\/p>\n<p><em>&#8222;Mit ihrem Erstling gelingt Anja Janotta ein sehr ber\u00fchrendes Buch zu den Themen Mobbing und Rechtschreibschw\u00e4che. Nicht nur f\u00fcr Logop\u00e4dInnen, sondern auch f\u00fcr Sch\u00fclerInnen, LehrerInnen und Eltern absolut lesenswert!&#8220;<\/em><br \/>\n<a href=\"http:\/\/logopaedie.tumblr.com\/post\/115928817768\/buchtipp\">Deutschschweizer Logop\u00e4dinnen und Logop\u00e4denverband<\/a> (13.4.2015)<\/p>\n<p><em>&#8222;Zahlreiche Witze, kluge Wortspiele und sch\u00f6ne Illustrationen runden das Buch perfekt ab. Das Buch ist absolut empfehlenswert.&#8220;<\/em> <a href=\"http:\/\/www.legasthenie.at\/buchtipp-linkslesestaerke-oder-die-sache-mit-den-borten-und-wuchstaben\/\">Erster \u00d6sterreichischer Dachverband Legasthenie<\/a> (24.4.2015)<\/p>\n<p><em>&#8222;Die Autorin hat es geschafft, die Dramatik aus dem Thema zu nehmen. Das Buch ist gespickt mit Witzen und intelligenten Wortspielen. Es kann Kindern die Angst vorm Schreiben und Lesen nehmen.&#8220;<\/em><br \/>\n<a href=\"http:\/\/www.suedkurier.de\/nachrichten\/voll-krass\/themensk\/Aller-Anfang-ist-schwer;art1015338,7726660\">S\u00fcdkurier (Blog)<\/a> (24.3.2015)<\/p>\n<p><em>&#8222;Es macht einfach Spa\u00df zu lesen.&#8220;<\/em><br \/>\n<a href=\"http:\/\/www.domradio.de\/audio\/abenteuer-im-kopf-gute-buecher-die-lesefreude-wecken\">Domradio<\/a> (01.04.2015) (ab Minute 9)<\/p>\n<p><em>&#8222;Was dieses Buch aus der Masse \u00e4hnlicher Geschichten heraushebt, ist die fr\u00f6hliche Leichtigkeit, mit der die Autorin an das durchaus ernste Thema herangeht. (&#8230;) Besondere Empfehlung. &#8222;<\/em> <a href=\"http:\/\/www.borromaeusverein.de\/medienprofile\/kinderbuecher\/erzaehlungen-fuer-kinder-ab-8\/9783570163399-linkslesestaerke-oder-die-sache-mit-den-borten-und-wuchstaben\/\">Angelika Rockenbach, St.Michaelsbund<\/a> (Mai 2015)<\/p>\n<p><em>Besonders viel Spass machten mir die Buchstabenverdrehungen zum Beispiel Okoladenscheis (Schokoladeneis), die habe ich dann auch selbst ausprobiert.<\/em> <a href=\"http:\/\/buecherkinder.de\/Linkslesest%C3%A4rke-oder-Die-Sache-mit-den-Borten-und-Wuchstaben-Janotta,-Anja-Kinderb%C3%BCcher-Kinderliteratur-Anders-sein-,-Freundschaft-6719\">Redakteurin Airely von den B\u00fccherkindern<\/a><\/p>\n<p><em>&#8222;Anja Janotta nimmt sich in ihrem Kinderbuch den Themen Legasthenie und Mobbing auf ungew\u00f6hnliche Weise an. Witzige Passagen wechseln sich mit Stellen ab, in denen sehr ernsthaft aus unterschiedlichen Perspektiven \u00fcber beide Probleme gesprochen wird.&#8220; <\/em><a href=\"http:\/\/titel-kulturmagazin.net\/2015\/06\/15\/speck-tag-kuh-leer-und-opi-mist-tisch\/\">Titel Kulturmagazin<\/a> (15.6.2015)<\/p>\n<p><em>&#8222;Linkslesest\u00e4rke ist ein sehr empfehlenswertes Buch f\u00fcr junge Familien, Kinderg\u00e4rten und Schulen und sollte ab der 2. Klasse auf der Lekt\u00fcreliste stehen.&#8220;<\/em> <a href=\"http:\/\/buchrezicenter.filmbesprechungen.de\/genres\/kinder\/linkslesestarke-oder-die-sache-mit-den-borten-und-wuchstaben\/\">Buchrezicenter<\/a> (13.6.2016)<\/p>\n<p><em>&#8222;Ein wundervolles und ergreifendes Buch. Nur allzu gern m\u00f6chte man am Ende der Lekt\u00fcre Miras Freundin sein. Daher empfehlen wir das Buch weiter, damit Mira noch viele Freunde findet.&#8220;<\/em><br \/>\n<a href=\"http:\/\/www.janetts-meinung.de\/index.php?option=com_content&amp;view=article&amp;id=2711:linkslesestaerke-von-anja-janotta&amp;catid=73:erstlesealter&amp;Itemid=135\">Janetts Meinung<\/a> (24.4.2015)<\/p>\n<p>Und dazu noch ein <a href=\"http:\/\/www.janetts-meinung.de\/index.php?option=com_content&amp;view=article&amp;id=2721\">Interview mit Janett Cernohuby<\/a> (29.4.2015)<\/p>\n<p><em>&#8222;Ich kann dieses Buch allen Kindern, Eltern und Lehrern nur w\u00e4rmstens ans Herz legen.&#8220;<\/em><br \/>\n<a href=\"http:\/\/www.stephienchen.de\/2015\/03\/02\/rezension-linkslesestaerke-oder-die-sache-mit-den-borten-und-wuchstaben\/\">Bloggerstimme Stephienchen<\/a> (02.03.2015)<\/p>\n<p><em>Auf dieses Buch habe ich gewartet. Ja wirklich. Denn es ist ultrakomisch, saum\u00e4\u00dfig lustig und dann wieder tieftraurig.<\/em> <a href=\"http:\/\/www.buchwelt.co.at\/2015\/05\/24\/rezension-janotta-anja-linkslesestaerke\/\">Buchwelt.co.at<\/a><\/p>\n<p><em>&#8222;&#8218;Linkslesest\u00e4rke \u2013 oder die Sache mit den Borten und Wuchstaben&#8216; erz\u00e4hlt authentisch und ohne jegliche Verniedlichung aus dem Kinderalltag. Ich habe schon lange nicht mehr so viel echtes Leben in einem Kinderbuch gefunden!&#8220;<\/em> <a href=\"buchkind-blog.de\/rechtschreibschwaeche-und-linkslesestaerke\/\">Buchkind-Blog<\/a><\/p>\n<p><em>&#8222;Eine Geschichte mit viel Humor und Wortwitz.&#8220;<\/em> <a href=\"http:\/\/buechereckerl.blogspot.de\/2015\/04\/linkslesestarke-oder-die-sache-mit-den.html\">buechereckerl.blogspot.de<\/a> (09.04.2015)<\/p>\n<p><em>&#8222;Miras verdrehte Worte zu entziffern, macht Spa\u00df \u2013 und ihre Geschichte nachdenklich.&#8220; <\/em>(M\u00e4rkische Oderzeitung, 11.4.2015)<\/p>\n<p><em>&#8222;Anja Janotta behandelt in ihrem Buch das Thema Freundschaft und Mobbing in der Schule derart kompromisslos, dass es wohl keinen kalt l\u00e4sst. Und genau aus diesem Grund sollte dieses Buch so oft wie m\u00f6glich vorgelesen werden.&#8220;<\/em> <a href=\"http:\/\/www.favolas-lesestoff.ch\/2015\/07\/kinderbuch-linkslesestarke-oder-die.html\">Favolas Lesestoff<\/a> (1.7.2015)<\/p>\n<p><em>Das Buch ber\u00fchrt, erstaunt, \u00fcberrascht, schockiert, erweckt Mitleid, aber auch Freude. Und am Ende auch Wut auf die T\u00e4ter und Mitwisser oder Nichthelfer. Ich w\u00fcrde mir w\u00fcnschen, da\u00df dieses Buch daher zur Schullekt\u00fcre wird.<\/em> <a href=\"http:\/\/kinderbibliothek.blogspot.de\/2015\/09\/ab-9-jahre-anja-janotta-linkslesestarke.html#more\">Kinderbibliothek.Blogspot<\/a><\/p>\n<p>Leserunde-Lovelybooks (Mai 2015)<br \/>\n<em>&#8222;Mobbing auf Grund einer Schulschw\u00e4che &#8211; liebevoll thematisiert und kindgerecht verpackt!&#8220;<\/em> <a href=\"http:\/\/www.lovelybooks.de\/autor\/Anja-Janotta\/Linkslesest%C3%A4rke-oder-Die-Sache-mit-den-Borten-und-Wuchstaben-1154503787-w\/rezension\/1156332974\/\"> Jungenmama<\/a><br \/>\n<em>&#8222;Das Ende finde ich perfekt, da Mira mit ihrer Leseschw\u00e4che im Mittelpunkt steht und ihre Wortakrobatik bewusst einsetzen darf.&#8220;<\/em> <a href=\"http:\/\/www.lovelybooks.de\/autor\/Anja-Janotta\/Linkslesest%C3%A4rke-oder-Die-Sache-mit-den-Borten-und-Wuchstaben-1154503787-w\/rezension\/1156106185\/\"> Martina400<\/a><br \/>\n<em>&#8222;Ein tolles Buch zum Thema Mobbing.&#8220; <\/em><a href=\"http:\/\/www.lovelybooks.de\/autor\/Anja-Janotta\/Linkslesest%C3%A4rke-oder-Die-Sache-mit-den-Borten-und-Wuchstaben-1154503787-w\/rezension\/1156009845\/\"> Sabrinalesestraeume<\/a><br \/>\n<em>&#8222;Eine sch\u00f6ne Geschichte mit Herz, Verstand und tollen Erlebnissen und Wort, Schrift und Bild. Ein gelungenes und treffendes Leseerlebnis, was ich gern empfehlen m\u00f6chte, es ist mit Bedacht und Herz erschaffen und vermittelt wichtige Botschaften f\u00fcr Kleine und gro\u00dfe Leser!&#8220;<\/em><a href=\"http:\/\/www.lovelybooks.de\/autor\/Anja-Janotta\/Linkslesest%C3%A4rke-oder-Die-Sache-mit-den-Borten-und-Wuchstaben-1154503787-w\/rezension\/1155560713\/\"> Floh<\/a><br \/>\n<em>&#8222;Mir hat die Geschichte gut gefallen. Sie hat mich aber auch vor allem betroffen gemacht. Ich denke alle Eltern, Erzieher und Lehrer tut das Buch mit Sicherheit gut, denn man wird wachger\u00fcttelt und die Botschaft genauer hinzusehen wird wirklich deutlich.&#8220; <\/em><a href=\"http:\/\/www.lovelybooks.de\/autor\/Anja-Janotta\/Linkslesest%C3%A4rke-oder-Die-Sache-mit-den-Borten-und-Wuchstaben-1154503787-w\/\"> Antek<\/a><br \/>\n<em>&#8222;&#8230;es ist keine rosa Wolken-Geschichte, aber Mira k\u00e4mpft sich durch und am Ende wird doch alles gut!&#8220;<\/em><a href=\"http:\/\/www.lovelybooks.de\/autor\/Anja-Janotta\/Linkslesest%C3%A4rke-oder-Die-Sache-mit-den-Borten-und-Wuchstaben-1154503787-w\/rezension\/1157066927\/\"> CindyAB<\/a><br \/>\n<em>&#8222;Anja Janotta schafft in dieser witzigen, traurigen, spannenden und anr\u00fchrenden Geschichte &#8211; Freude und Leid aus der Sicht von Mira zu schildern, aufzur\u00fctteln und Hoffnung zu machen&#8230;&#8220;<\/em> <a href=\"http:\/\/www.lovelybooks.de\/autor\/Anja-Janotta\/Linkslesest%C3%A4rke-oder-Die-Sache-mit-den-Borten-und-Wuchstaben-1154503787-w\/rezension\/1156332974\/\">Jungenmama<\/a><br \/>\n<em>&#8222;Erschreckend, aufw\u00fchlend und ein sehr gutes Anschauungsschulbuch. Empathisch veranlagte sollten Taschent\u00fccher dabei haben.&#8220;<\/em><a href=\"http:\/\/www.lovelybooks.de\/autor\/Anja-Janotta\/Linkslesest%C3%A4rke-oder-Die-Sache-mit-den-Borten-und-Wuchstaben-1154503787-w\/rezension\/1158334421\/\">AnnaMayaJannika<\/a><br \/>\n<em>&#8222;Ein spa\u00dfiges W\u00f6rterverdrehen, aber gleichzeitig auch eine traurige Mobbinggeschichte. Sehr gut &amp; sehr \u00c4hm-Pfahl-ens-Wert.&#8220; <\/em><a href=\"http:\/\/www.lovelybooks.de\/autor\/Anja-Janotta\/Linkslesest%C3%A4rke-oder-Die-Sache-mit-den-Borten-und-Wuchstaben-1154503787-w\/\">Elane Eodain<\/a><\/p>\n<p><strong>&#8222;LINKSLESEMUT&#8220;<\/strong><\/p>\n<p><em>&#8222;Ich freue mich schon sehr auf den dritten Teil, der hoffentlich auch bald folgen wird. Ich bin ein gro\u00dfer Mira-Fan und finde die meisten der Wortspiele toll&#8220;<\/em>. <a href=\"http:\/\/www.buchwelt.co.at\/2016\/03\/16\/rezension-janotta-anja-linkslesemut\/\">Buchwelt.co.at<\/a>, M\u00e4rz 2016<\/p>\n<p><em>&#8222;Die Autorin behandelt das schwierige Thema Rechtschreibeschw\u00e4che mit fr\u00f6hlicher Leichtigkeit; die witzigen Sprachspielereien, Wortverdreher und Bild-Wort-R\u00e4tsel, oft nicht einfach zu entschl\u00fcsseln, machen Lust, eigene Wortspiele zu erfinden.&#8220;<\/em> <a href=\"http:\/\/www.borromaeusverein.de\/medienprofile\/rezensionen\/9783570163405-linkslesemut-oder-die-sache-mit-dem-versiebtlein\/\">Borrom\u00e4usverein<\/a>, GudrunEckl, Mai 2016<\/p>\n<p><em>&#8222;Linkslesemut oder die Sache mit dem Verliebtsein ist ein Buch, das Spa\u00df macht. Im Spiel mit Buchstaben und W\u00f6rtern und im Spiel des allerersten Versiebtleins.&#8220;<\/em> <a href=\"http:\/\/www.kakadu.de\/medientag-buchtipp-linkslesemut-oder-die-sache-mit-dem.2728.de.html?dram%3Aarticle_id=362520\">Redaktion Kakadu, Deutschlandradio<\/a>, August 2016<br \/>\n<em><br \/>\n&#8222;Bei Miras lustigen Wortverdrehungen k\u00f6nnen auch die Leser mit raten. Immer wieder finden sich im Text Wortsch\u00f6pfungen. &#8220; Linkslesemut oder die Sache mit dem Versiebtlein&#8220; ist ein Buch, das Spa\u00df macht! <\/em><a href=\"http:\/\/www.mdr.de\/figarino\/webchannel\/buchtipp-versiebtlein-linkslesemut-100.html\">MDR, Figarino<\/a><\/p>\n<p><em>&#8222;Lustig, am\u00fcsant und das auf jeder Seite. Voller Kreativit\u00e4t und Einfallsreichtum besticht die Autorin ihre jungen Leser. Ihr werdet es sicherlich m\u00f6gen!&#8220; <\/em><a href=\"https:\/\/bookreviews.at\/page\/2\/\">Bookreviews.at<\/a><\/p>\n<p><em>&#8222;Die Wortsch\u00f6pfungen sind wirklich lustig und es macht Spa\u00df, die kleinen Wortr\u00e4tsel zu knacken. (&#8230;)Mira ist ein ganz tolles M\u00e4dchen, die sich nicht nur kluge Gedanken macht, sondern auch immer f\u00fcr ihre Freunde da ist und sich von so etwas wie einer Rechtschreibschw\u00e4che \u2013 \u00e4h Linkslesest\u00e4rke &#8211; nicht unterkriegen l\u00e4sst. Hut ab!&#8220;<\/em><br \/>\n<a href=\"http:\/\/www.lies-doch-einfach.de\/buchauswahl\/normal\/225-linkslesemut.html\">lies-doch-einfach.de<\/a><\/p>\n<p><em>&#8222;Wirklich eine runde Sache, die auf ganzer Linie \u00fcberzeugt und auf eine Fortsetzung hoffen l\u00e4\u00dft (dabei ist die ja schon fersproch\u00e4n).&#8220;<\/em> <a href=\"http:\/\/nichtohnebuch.blogspot.de\/2016\/04\/linkslesemut.html#more\">Nichtohnebuch.Blogspot.de<\/a><\/p>\n<p><em>&#8222;Auch dieser Band ist erfrischend und kindernah geschrieben. Viele tolle Zeichnungen und fantastische Wortspielereien machen wirklich Lust aufs Lesen. Kurz um: Eine gelungene Fortsetzung, die ohne Schw\u00e4chen auskommt.&#8220;<\/em> <a href=\"http:\/\/sfbasar.filmbesprechungen.de\/allgemein\/janotta-anja-linkslesemut-oder-die-sache-mit-dem-versiebtlein\/#\">sfbasar<\/a>, April 2016<\/p>\n<p><em>&#8222;Dennoch empfehle ich nat\u00fcrlich Band 1 im Vorfeld zu lesen, weil beide B\u00fccher einfach grandios sind und neben dem ganzen Lesespa\u00df und der Spannung auch noch einige wichtige Themen an die Kinder vermitteln wie Mobbing, Umgang mit anderen und Einf\u00fchlungsverm\u00f6gen, wenn jemand eben nicht so ist wie man selbst und vielleicht eine besondere Linkslesest\u00e4rke hat.&#8220; <\/em><a href=\"http:\/\/blog.claudis-gedankenwelt.de\/linkslesemut-oder-die-sache-mit-dem-versiebtlein-anja-janotta-rezension\/\">Claudis Gedankenwelt<\/a><\/p>\n<p>Leserunde bei Lovelybooks M\u00e4rz 2016:<\/p>\n<p><em>&#8222;Ein wichtiger Beitrag zur Aufkl\u00e4rung, Hilfe und Anreiz zu Mut und Offenheit. Eine sch\u00f6ne Geschichte mit Herz, Verstand und tollen Erlebnissen in Wort, Schrift und Bild&#8220;.<\/em> <a href=\"http:\/\/www.lovelybooks.de\/autor\/Anja-Janotta\/Linkslesemut-oder-Die-Sache-mit-dem-Versiebtlein-1209578117-w\/\">Floh<\/a><br \/>\n<em>&#8222;Band 2 macht Lust auf mehr Mira-Abenteuer.&#8220;<\/em> <a href=\"http:\/\/www.lovelybooks.de\/autor\/Anja-Janotta\/Linkslesemut-oder-Die-Sache-mit-dem-Versiebtlein-1209578117-w\/rezension\/1228044978\/\">Lunamonique<\/a><br \/>\n<em>&#8222;<em>Ebenso unterhaltsam sind die kreativen Wortzusammensetzungen, von denen es im Text nur so wimmelt. Diese gleichen wie &#8222;Mopping&#8220; typischen Falschschreibungen von Kindern, sind aber in der Regel am\u00fcsante Wortr\u00e4tsel, die mitunter etwas Nachdenken erfordern.&#8220;<\/em><\/em> <a href=\"http:\/\/www.lovelybooks.de\/autor\/Anja-Janotta\/Linkslesemut-oder-Die-Sache-mit-dem-Versiebtlein-1209578117-w\/rezension\/1230310676\/\">Lauchmotte<\/a><br \/>\n<em>&#8222;Mit hochgekrempelten \u00c4rmeln trotzt Mira ihrer Rechtschreibschw\u00e4che. (&#8230;) Anja Janotta erh\u00e4lt von mir f\u00fcr dieses wunderbare, humorvolle und lehrreiche Buch 5 von 5 Sternen.&#8220;<\/em> <a href=\"http:\/\/www.lovelybooks.de\/autor\/Anja-Janotta\/Linkslesemut-oder-Die-Sache-mit-dem-Versiebtlein-1209578117-w\/rezension\/1230488498\/\">Thoresan<\/a><br \/>\n<em>&#8222;Sehr geschickt zeigt die Autorin uns welche Probleme Mira in ihrem Alltag durch ihre Linkslesest\u00e4rke hat. (&#8230;) Das Ende ist toll ausgearbeitet. F\u00fcr fast alle gibt es ein Happy End.&#8220;<\/em> <a href=\"http:\/\/www.lovelybooks.de\/autor\/Anja-Janotta\/Linkslesemut-oder-Die-Sache-mit-dem-Versiebtlein-1209578117-w\/\">Dreilockenloepfe<\/a><br \/>\n<em>&#8222;Wir haben uns sehr auf die Fortsetzung und ein Wiedersehen mit Mira gefreut. Haben uns doch die Sportwiele so gut gefallen.&#8220; <\/em><a href=\"http:\/\/www.lovelybooks.de\/autor\/Anja-Janotta\/Linkslesemut-oder-Die-Sache-mit-dem-Versiebtlein-1209578117-w\/rezension\/1232034518\/\">Kuhni77<\/a><br \/>\n<em>&#8222;Alles in allem war es ein ganz wundervolles Buch mit vielen tollen Ideen und wir haben Mira fest in unser Herz geschlossen.&#8220;<\/em> <a href=\"http:\/\/www.lovelybooks.de\/autor\/Anja-Janotta\/Linkslesemut-oder-Die-Sache-mit-dem-Versiebtlein-1209578117-w\/rezension\/1235147368\/1235147065\/\">Elafisch<\/a><\/p>\n","protected":false},"excerpt":{"rendered":"<p>Was die Zeitungen und Zeitschriften und die Kritiker so \u00fcber die &#8222;Linkslesest\u00e4rke&#8220; sagen. Und \u00fcber &#8222;Linkslesemut&#8220;. Preise: LesePeter der Arbeitsgemeinschaft Jugendliteratur und Medien (AJuM) der Gewerkschaft Erziehung und Wissenschaft (GEW), <a class=\"more-link\" href=\"https:\/\/www.linkslesestaerke.de\/?page_id=223\">Continue Reading &rarr;<\/a><\/p>\n","protected":false},"author":3,"featured_media":0,"parent":0,"menu_order":0,"comment_status":"open","ping_status":"open","template":"","meta":{"footnotes":""},"class_list":["post-223","page","type-page","status-publish","hentry"],"jetpack_shortlink":"https:\/\/wp.me\/P5diEV-3B","jetpack_sharing_enabled":true,"_links":{"self":[{"href":"https:\/\/www.linkslesestaerke.de\/index.php?rest_route=\/wp\/v2\/pages\/223","targetHints":{"allow":["GET"]}}],"collection":[{"href":"https:\/\/www.linkslesestaerke.de\/index.php?rest_route=\/wp\/v2\/pages"}],"about":[{"href":"https:\/\/www.linkslesestaerke.de\/index.php?rest_route=\/wp\/v2\/types\/page"}],"author":[{"embeddable":true,"href":"https:\/\/www.linkslesestaerke.de\/index.php?rest_route=\/wp\/v2\/users\/3"}],"replies":[{"embeddable":true,"href":"https:\/\/www.linkslesestaerke.de\/index.php?rest_route=%2Fwp%2Fv2%2Fcomments&post=223"}],"version-history":[{"count":49,"href":"https:\/\/www.linkslesestaerke.de\/index.php?rest_route=\/wp\/v2\/pages\/223\/revisions"}],"predecessor-version":[{"id":1435,"href":"https:\/\/www.linkslesestaerke.de\/index.php?rest_route=\/wp\/v2\/pages\/223\/revisions\/1435"}],"wp:attachment":[{"href":"https:\/\/www.linkslesestaerke.de\/index.php?rest_route=%2Fwp%2Fv2%2Fmedia&parent=223"}],"curies":[{"name":"wp","href":"https:\/\/api.w.org\/{rel}","templated":true}]}}